{"id":2273,"date":"2024-06-28T11:47:47","date_gmt":"2024-06-28T09:47:47","guid":{"rendered":"https:\/\/www.feriendorfwallenburg.com\/wandelen\/"},"modified":"2025-03-31T12:11:33","modified_gmt":"2025-03-31T10:11:33","slug":"wandelen","status":"publish","type":"page","link":"https:\/\/www.feriendorf-wallenburg.at\/nl\/wandelen\/","title":{"rendered":"Wandelen"},"content":{"rendered":"\t\t<div data-elementor-type=\"wp-page\" data-elementor-id=\"2273\" class=\"elementor elementor-2273 elementor-1335\" data-elementor-post-type=\"page\">\n\t\t\t\t<div class=\"elementor-element elementor-element-2999b84 e-flex e-con-boxed e-con e-parent\" data-id=\"2999b84\" data-element_type=\"container\" data-e-type=\"container\" data-settings=\"{&quot;background_background&quot;:&quot;classic&quot;}\">\n\t\t\t\t\t<div class=\"e-con-inner\">\n\t\t\t\t\t<\/div>\n\t\t\t\t<\/div>\n\t\t<div class=\"elementor-element elementor-element-500b2c1 e-flex e-con-boxed e-con e-parent\" data-id=\"500b2c1\" data-element_type=\"container\" data-e-type=\"container\">\n\t\t\t\t\t<div class=\"e-con-inner\">\n\t\t\t\t<div class=\"elementor-element elementor-element-b877b82 elementor-widget elementor-widget-heading\" data-id=\"b877b82\" data-element_type=\"widget\" data-e-type=\"widget\" data-widget_type=\"heading.default\">\n\t\t\t\t\t<h1 class=\"elementor-heading-title elementor-size-default\">Wandelroutes in Fieberbrunn<\/h1>\t\t\t\t<\/div>\n\t\t\t\t<div class=\"elementor-element elementor-element-e1622a4 elementor-widget elementor-widget-heading\" data-id=\"e1622a4\" data-element_type=\"widget\" data-e-type=\"widget\" data-widget_type=\"heading.default\">\n\t\t\t\t\t<h4 class=\"elementor-heading-title elementor-size-default\">Ervaar de Tiroler natuur in de zomer in volle bloei.<\/h4>\t\t\t\t<\/div>\n\t\t\t\t<div class=\"elementor-element elementor-element-cfed0f0 elementor-widget elementor-widget-text-editor\" data-id=\"cfed0f0\" data-element_type=\"widget\" data-e-type=\"widget\" data-widget_type=\"text-editor.default\">\n\t\t\t\t\t\t\t\t\t<p>De Kitzb\u00fcheler Alpen zijn de perfecte vakantiebestemming voor wandelaars. Hier kun je het Tiroler bergland met meer dan 400 km aan wandeltochten sportief verkennen. Vanaf de wandelpaden heb je een prachtig uitzicht op de bergen, bossen en de uitgestrekte velden van het Alpenlandschap.<\/p>\n<p>Een wandeling naar het Wildseeloderhaus, dat direct aan het idyllische bergmeer Wildseeloder ligt, is bijzonder aan te bevelen. Dit bergmeer is een van de bekendste bezienswaardigheden in Fieberbrunn en Tirol.<\/p>\n<p>Ervaar de vrije natuur van dichtbij tijdens het wandelen, maar ook tijdens een kleine pauze op een terras van de vele berghutten langs de wandelroutes. Geniet van een Tiroler Jause en het weidse uitzicht over de zomerse bergtoppen.<\/p>\n\t\t\t\t\t\t\t\t<\/div>\n\t\t\t\t\t<\/div>\n\t\t\t\t<\/div>\n\t\t<div class=\"elementor-element elementor-element-8a9f189 e-flex e-con-boxed e-con e-parent\" data-id=\"8a9f189\" data-element_type=\"container\" data-e-type=\"container\">\n\t\t\t\t\t<div class=\"e-con-inner\">\n\t\t<div class=\"elementor-element elementor-element-3ac2ef6 e-con-full e-flex e-con e-child\" data-id=\"3ac2ef6\" data-element_type=\"container\" data-e-type=\"container\">\n\t\t\t\t<div class=\"elementor-element elementor-element-6023ad3 elementor-widget elementor-widget-heading\" data-id=\"6023ad3\" data-element_type=\"widget\" data-e-type=\"widget\" data-widget_type=\"heading.default\">\n\t\t\t\t\t<h2 class=\"elementor-heading-title elementor-size-default\">Wandelen voor groot en klein<\/h2>\t\t\t\t<\/div>\n\t\t\t\t<div class=\"elementor-element elementor-element-3393e00 elementor-widget elementor-widget-text-editor\" data-id=\"3393e00\" data-element_type=\"widget\" data-e-type=\"widget\" data-widget_type=\"text-editor.default\">\n\t\t\t\t\t\t\t\t\t<p>In de omgeving zijn er wandelroutes in alle moeilijkheidsgraden. Gezinnen met jonge kinderen, beginners, maar ook ervaren en geoefende wandelaars vinden hier zeker een geschikte en, indien gewenst, ook uitdagende route voor een sportief uitstapje.<\/p>\n<p>De start- en eindpunten van de respectieve wandelroutes zijn goed bereikbaar met de Regio-bus. Je ontvangt van ons een gastenkaart waarmee je de bus in het Pillerseetal gratis kunt gebruiken. Voor andere routes kun je met de gondel de berg op. oor het gebruik van de gondel kun je een PillerseeTal Card kopen bij het plaatselijke toeristenbureau. Met de PillerseeTal Card bespaar je geld.<\/p>\n\t\t\t\t\t\t\t\t<\/div>\n\t\t\t\t<\/div>\n\t\t<div class=\"elementor-element elementor-element-674e79a e-con-full e-flex e-con e-child\" data-id=\"674e79a\" data-element_type=\"container\" data-e-type=\"container\">\n\t\t\t\t<div class=\"elementor-element elementor-element-6533336 elementor-widget elementor-widget-heading\" data-id=\"6533336\" data-element_type=\"widget\" data-e-type=\"widget\" data-widget_type=\"heading.default\">\n\t\t\t\t\t<h2 class=\"elementor-heading-title elementor-size-default\">Wandelingen voor de allerkleinsten<\/h2>\t\t\t\t<\/div>\n\t\t\t\t<div class=\"elementor-element elementor-element-ecac383 elementor-widget elementor-widget-text-editor\" data-id=\"ecac383\" data-element_type=\"widget\" data-e-type=\"widget\" data-widget_type=\"text-editor.default\">\n\t\t\t\t\t\t\t\t\t<p>Is jouw kind geen fan van lange wandelingen? Ook daarvoor hebben we enkele idee\u00ebn! De berg tegenover ons vakantiepark Wallenburg heeft van alles te bieden. Een avonturenpad met veel stations, een kinderboerderij, een klimpark in het bos en nog veel meer zullen jouw kind zeker in wandelstemming brengen. Elke vrijdag in de zomer is er ook de lange vrijdag. Die Bergbahn Streub\u00f6den ist dann bis 23 Uhr ge\u00f6ffnet. Spel, plezier en elke vrijdag een nieuw thema op de Streub\u00f6denalm.<\/p>\n<p>In Waidring is er het avonturenpad TriassicPark op de Steinplatte. Hier word je teruggevoerd naar de steentijd.<\/p>\n<p>Een heel gemakkelijke klettersteig, waar de kinderen kunnen klimmen, heet &#8220;Himmel und Henne&#8221;. Deze bevindt zich op de L\u00e4rchfilzkogel in het wandelgebied Fieberbrunn.<\/p>\n\t\t\t\t\t\t\t\t<\/div>\n\t\t\t\t<\/div>\n\t\t\t\t\t<\/div>\n\t\t\t\t<\/div>\n\t\t<div class=\"elementor-element elementor-element-3d3ca1c e-flex e-con-boxed e-con e-parent\" data-id=\"3d3ca1c\" data-element_type=\"container\" data-e-type=\"container\">\n\t\t\t\t\t<div class=\"e-con-inner\">\n\t\t<div class=\"elementor-element elementor-element-99abe56 e-con-full e-flex e-con e-child\" data-id=\"99abe56\" data-element_type=\"container\" data-e-type=\"container\">\n\t\t\t\t<div class=\"elementor-element elementor-element-2000268 elementor-widget elementor-widget-image\" data-id=\"2000268\" data-element_type=\"widget\" data-e-type=\"widget\" data-widget_type=\"image.default\">\n\t\t\t\t\t\t\t\t\t\t\t\t\t\t\t<img fetchpriority=\"high\" decoding=\"async\" width=\"768\" height=\"512\" src=\"https:\/\/www.feriendorf-wallenburg.at\/wp-content\/uploads\/2024\/07\/wildseelodersee-am-morgen-s-768x512.jpg\" class=\"attachment-medium_large size-medium_large wp-image-2132\" alt=\"Familie Wallenburg in Tirol\" srcset=\"https:\/\/www.feriendorf-wallenburg.at\/wp-content\/uploads\/2024\/07\/wildseelodersee-am-morgen-s-768x512.jpg 768w, https:\/\/www.feriendorf-wallenburg.at\/wp-content\/uploads\/2024\/07\/wildseelodersee-am-morgen-s-300x200.jpg 300w, https:\/\/www.feriendorf-wallenburg.at\/wp-content\/uploads\/2024\/07\/wildseelodersee-am-morgen-s.jpg 900w\" sizes=\"(max-width: 768px) 100vw, 768px\" \/>\t\t\t\t\t\t\t\t\t\t\t\t\t\t\t<\/div>\n\t\t\t\t<\/div>\n\t\t<div class=\"elementor-element elementor-element-55ea69e e-con-full e-flex e-con e-child\" data-id=\"55ea69e\" data-element_type=\"container\" data-e-type=\"container\">\n\t\t\t\t<div class=\"elementor-element elementor-element-b8f0980 elementor-widget elementor-widget-heading\" data-id=\"b8f0980\" data-element_type=\"widget\" data-e-type=\"widget\" data-widget_type=\"heading.default\">\n\t\t\t\t\t<h2 class=\"elementor-heading-title elementor-size-default\">Wandeltour naar het Wildseeloderhaus<\/h2>\t\t\t\t<\/div>\n\t\t\t\t<div class=\"elementor-element elementor-element-0d44304 elementor-widget elementor-widget-text-editor\" data-id=\"0d44304\" data-element_type=\"widget\" data-e-type=\"widget\" data-widget_type=\"text-editor.default\">\n\t\t\t\t\t\t\t\t\t<p>Probeer eens de wandelroutes rond de Pillersee of naar de Hochkogel, de Gebra Kapelle of de Pletzergraben. De route naar het Wildseeloderhaus, dat direct aan een romantisch bergmeer ligt, is ook prachtig. Van hieruit kun je naar de top van de &#8220;Henne&#8221; klimmen of gewoon rustig over het prachtige bloemenpad wandelen. Overigens hebben veel wandelaars op deze route al marmotten gezien.<\/p>\n<p>De echte sportievelingen kunnen direct vanaf ons vakantiepark te voet naar de Wildseeloder wandelen. Onderweg kom je langs verschillende almen, waar je iets kunt drinken en uitrusten.<\/p>\n<p>Wil je een niet al te lange wandeling maken of heb je kinderen bij je, dan kun je de kabelbaan naar de Hochk\u00f6gel nemen en van daaruit de wandelroute naar de Wildseeloder volgen. Het is de moeite waard om door te lopen tot het &#8216;Loder-Kruis&#8217;, vanaf hier heb je een fantastisch uitzicht.<\/p>\n\t\t\t\t\t\t\t\t<\/div>\n\t\t\t\t<\/div>\n\t\t\t\t\t<\/div>\n\t\t\t\t<\/div>\n\t\t<div class=\"elementor-element elementor-element-d2bb46c e-flex e-con-boxed e-con e-parent\" data-id=\"d2bb46c\" data-element_type=\"container\" data-e-type=\"container\">\n\t\t\t\t\t<div class=\"e-con-inner\">\n\t\t\t\t<div class=\"elementor-element elementor-element-4f4c2a8 elementor-widget elementor-widget-text-editor\" data-id=\"4f4c2a8\" data-element_type=\"widget\" data-e-type=\"widget\" data-widget_type=\"text-editor.default\">\n\t\t\t\t\t\t\t\t\t<p>Iedereen die bij ons vakantie boekt, krijgt bij de online-check-in een QR-code die toegang biedt tot onze online gastenmap, die een interactieve kaart van onze omgeving bevat. Vanaf hier kun je dus alvast verschillende wandelroutes plannen voor je volgende vakantie bij ons.<\/p>\n<p>Natuurlijk zijn wij elke dag ter plaatse om onze gasten te voorzien van informatie over de mogelijke wandelroutes in het Pillerseetal en de Kitzb\u00fcheler Alpen.<\/p>\n\t\t\t\t\t\t\t\t<\/div>\n\t\t\t\t<div class=\"elementor-element elementor-element-1b67677 elementor-align-center elementor-widget elementor-widget-button\" data-id=\"1b67677\" data-element_type=\"widget\" data-e-type=\"widget\" data-widget_type=\"button.default\">\n\t\t\t\t\t\t\t\t\t\t<a class=\"elementor-button elementor-button-link elementor-size-sm elementor-animation-shrink\" href=\"https:\/\/boeken.feriendorf-wallenburg.at\/\" target=\"_blank\">\n\t\t\t\t\t\t<span class=\"elementor-button-content-wrapper\">\n\t\t\t\t\t\t\t\t\t<span class=\"elementor-button-text\">Nu wandelvakantie boeken<\/span>\n\t\t\t\t\t<\/span>\n\t\t\t\t\t<\/a>\n\t\t\t\t\t\t\t\t<\/div>\n\t\t\t\t\t<\/div>\n\t\t\t\t<\/div>\n\t\t<div class=\"elementor-element elementor-element-d96e78b e-flex e-con-boxed e-con e-parent\" data-id=\"d96e78b\" data-element_type=\"container\" data-e-type=\"container\">\n\t\t\t\t\t<div class=\"e-con-inner\">\n\t\t\t\t<div class=\"elementor-element elementor-element-57afbd9 elementor-arrows-position-inside elementor-widget elementor-widget-image-carousel\" data-id=\"57afbd9\" data-element_type=\"widget\" data-e-type=\"widget\" data-settings=\"{&quot;navigation&quot;:&quot;arrows&quot;,&quot;lazyload&quot;:&quot;yes&quot;,&quot;autoplay&quot;:&quot;yes&quot;,&quot;pause_on_hover&quot;:&quot;yes&quot;,&quot;pause_on_interaction&quot;:&quot;yes&quot;,&quot;autoplay_speed&quot;:5000,&quot;infinite&quot;:&quot;yes&quot;,&quot;speed&quot;:500}\" data-widget_type=\"image-carousel.default\">\n\t\t\t\t\t\t\t<div class=\"elementor-image-carousel-wrapper swiper\" role=\"region\" aria-roledescription=\"carousel\" aria-label=\"Afbeelding carrousel\" dir=\"ltr\">\n\t\t\t<div class=\"elementor-image-carousel swiper-wrapper\" aria-live=\"off\">\n\t\t\t\t\t\t\t\t<div class=\"swiper-slide\" role=\"group\" aria-roledescription=\"slide\" aria-label=\"1 van 5\"><figure class=\"swiper-slide-inner\"><img class=\"swiper-slide-image swiper-lazy\" data-src=\"https:\/\/www.feriendorf-wallenburg.at\/wp-content\/uploads\/2024\/07\/Sommerurlaub-mit-Kinder_s-768x432.jpg\" alt=\"Sommerurlaub in Fieberbrunn im Feriendorf Wallenburg\" \/><div class=\"swiper-lazy-preloader\"><\/div><\/figure><\/div><div class=\"swiper-slide\" role=\"group\" aria-roledescription=\"slide\" aria-label=\"2 van 5\"><figure class=\"swiper-slide-inner\"><img class=\"swiper-slide-image swiper-lazy\" data-src=\"https:\/\/www.feriendorf-wallenburg.at\/wp-content\/uploads\/2024\/04\/Herbstwandern-_-Autumn-Hiking-in-Saalbach-Hinterglemm-1-1-768x512.jpg\" alt=\"Herbstwandern in Tirol\" \/><div class=\"swiper-lazy-preloader\"><\/div><\/figure><\/div><div class=\"swiper-slide\" role=\"group\" aria-roledescription=\"slide\" aria-label=\"3 van 5\"><figure class=\"swiper-slide-inner\"><img class=\"swiper-slide-image swiper-lazy\" data-src=\"https:\/\/www.feriendorf-wallenburg.at\/wp-content\/uploads\/2024\/04\/Wandern-mit-der-Familie-_-Hiking-with-the-Family-1-1-768x512.jpg\" alt=\"Gondel in Saalbach-Hinterglemm-Leogang-Fieberbrunn\" \/><div class=\"swiper-lazy-preloader\"><\/div><\/figure><\/div><div class=\"swiper-slide\" role=\"group\" aria-roledescription=\"slide\" aria-label=\"4 van 5\"><figure class=\"swiper-slide-inner\"><img class=\"swiper-slide-image swiper-lazy\" data-src=\"https:\/\/www.feriendorf-wallenburg.at\/wp-content\/uploads\/2024\/02\/adventure-1850178_1920-768x512.jpg\" alt=\"Wandern in Fieberbrunn\" \/><div class=\"swiper-lazy-preloader\"><\/div><\/figure><\/div><div class=\"swiper-slide\" role=\"group\" aria-roledescription=\"slide\" aria-label=\"5 van 5\"><figure class=\"swiper-slide-inner\"><img class=\"swiper-slide-image swiper-lazy\" data-src=\"https:\/\/www.feriendorf-wallenburg.at\/wp-content\/uploads\/2024\/03\/Wandern-Almhutte-768x512.jpg\" alt=\"Familiewanderung Tirol\" \/><div class=\"swiper-lazy-preloader\"><\/div><\/figure><\/div>\t\t\t<\/div>\n\t\t\t\t\t\t\t\t\t\t\t\t<div class=\"elementor-swiper-button elementor-swiper-button-prev\" role=\"button\" tabindex=\"0\">\n\t\t\t\t\t\t<svg aria-hidden=\"true\" class=\"e-font-icon-svg e-eicon-chevron-left\" viewBox=\"0 0 1000 1000\" xmlns=\"http:\/\/www.w3.org\/2000\/svg\"><path d=\"M646 125C629 125 613 133 604 142L308 442C296 454 292 471 292 487 292 504 296 521 308 533L604 854C617 867 629 875 646 875 663 875 679 871 692 858 704 846 713 829 713 812 713 796 708 779 692 767L438 487 692 225C700 217 708 204 708 187 708 171 704 154 692 142 675 129 663 125 646 125Z\"><\/path><\/svg>\t\t\t\t\t<\/div>\n\t\t\t\t\t<div class=\"elementor-swiper-button elementor-swiper-button-next\" role=\"button\" tabindex=\"0\">\n\t\t\t\t\t\t<svg aria-hidden=\"true\" class=\"e-font-icon-svg e-eicon-chevron-right\" viewBox=\"0 0 1000 1000\" xmlns=\"http:\/\/www.w3.org\/2000\/svg\"><path d=\"M696 533C708 521 713 504 713 487 713 471 708 454 696 446L400 146C388 133 375 125 354 125 338 125 325 129 313 142 300 154 292 171 292 187 292 204 296 221 308 233L563 492 304 771C292 783 288 800 288 817 288 833 296 850 308 863 321 871 338 875 354 875 371 875 388 867 400 854L696 533Z\"><\/path><\/svg>\t\t\t\t\t<\/div>\n\t\t\t\t\n\t\t\t\t\t\t\t\t\t<\/div>\n\t\t\t\t\t\t<\/div>\n\t\t\t\t\t<\/div>\n\t\t\t\t<\/div>\n\t\t\t\t<\/div>\n\t\t","protected":false},"excerpt":{"rendered":"<p>Wandelroutes in Fieberbrunn Ervaar de Tiroler natuur in de zomer in volle bloei. De Kitzb\u00fcheler Alpen zijn de perfecte vakantiebestemming [&hellip;]<\/p>\n","protected":false},"author":1,"featured_media":1625,"parent":0,"menu_order":22,"comment_status":"closed","ping_status":"closed","template":"elementor_header_footer","meta":{"_seopress_robots_primary_cat":"0","_seopress_titles_title":"Wandelen in de Kitzb\u00fcheler Alpen | Feriendorf Wallenburg","_seopress_titles_desc":"Ontdek de beste wandelroutes in de Kitzb\u00fcheler Alpen. Geniet van prachtige uitzichten, bergmeren en wandelpaden voor alle niveaus. Nu wandelvakantie plannen.","_seopress_robots_index":"","site-sidebar-layout":"no-sidebar","site-content-layout":"","ast-site-content-layout":"full-width-container","site-content-style":"default","site-sidebar-style":"default","ast-global-header-display":"","ast-banner-title-visibility":"","ast-main-header-display":"","ast-hfb-above-header-display":"","ast-hfb-below-header-display":"","ast-hfb-mobile-header-display":"","site-post-title":"disabled","ast-breadcrumbs-content":"","ast-featured-img":"disabled","footer-sml-layout":"","ast-disable-related-posts":"","theme-transparent-header-meta":"","adv-header-id-meta":"","stick-header-meta":"","header-above-stick-meta":"","header-main-stick-meta":"","header-below-stick-meta":"","astra-migrate-meta-layouts":"default","ast-page-background-enabled":"default","ast-page-background-meta":{"desktop":{"background-color":"var(--ast-global-color-4)","background-image":"","background-repeat":"repeat","background-position":"center center","background-size":"auto","background-attachment":"scroll","background-type":"","background-media":"","overlay-type":"","overlay-color":"","overlay-opacity":"","overlay-gradient":""},"tablet":{"background-color":"","background-image":"","background-repeat":"repeat","background-position":"center center","background-size":"auto","background-attachment":"scroll","background-type":"","background-media":"","overlay-type":"","overlay-color":"","overlay-opacity":"","overlay-gradient":""},"mobile":{"background-color":"","background-image":"","background-repeat":"repeat","background-position":"center center","background-size":"auto","background-attachment":"scroll","background-type":"","background-media":"","overlay-type":"","overlay-color":"","overlay-opacity":"","overlay-gradient":""}},"ast-content-background-meta":{"desktop":{"background-color":"var(--ast-global-color-5)","background-image":"","background-repeat":"repeat","background-position":"center center","background-size":"auto","background-attachment":"scroll","background-type":"","background-media":"","overlay-type":"","overlay-color":"","overlay-opacity":"","overlay-gradient":""},"tablet":{"background-color":"var(--ast-global-color-5)","background-image":"","background-repeat":"repeat","background-position":"center center","background-size":"auto","background-attachment":"scroll","background-type":"","background-media":"","overlay-type":"","overlay-color":"","overlay-opacity":"","overlay-gradient":""},"mobile":{"background-color":"var(--ast-global-color-5)","background-image":"","background-repeat":"repeat","background-position":"center center","background-size":"auto","background-attachment":"scroll","background-type":"","background-media":"","overlay-type":"","overlay-color":"","overlay-opacity":"","overlay-gradient":""}},"footnotes":""},"class_list":["post-2273","page","type-page","status-publish","has-post-thumbnail","hentry"],"_links":{"self":[{"href":"https:\/\/www.feriendorf-wallenburg.at\/nl\/wp-json\/wp\/v2\/pages\/2273","targetHints":{"allow":["GET"]}}],"collection":[{"href":"https:\/\/www.feriendorf-wallenburg.at\/nl\/wp-json\/wp\/v2\/pages"}],"about":[{"href":"https:\/\/www.feriendorf-wallenburg.at\/nl\/wp-json\/wp\/v2\/types\/page"}],"author":[{"embeddable":true,"href":"https:\/\/www.feriendorf-wallenburg.at\/nl\/wp-json\/wp\/v2\/users\/1"}],"replies":[{"embeddable":true,"href":"https:\/\/www.feriendorf-wallenburg.at\/nl\/wp-json\/wp\/v2\/comments?post=2273"}],"version-history":[{"count":4,"href":"https:\/\/www.feriendorf-wallenburg.at\/nl\/wp-json\/wp\/v2\/pages\/2273\/revisions"}],"predecessor-version":[{"id":2906,"href":"https:\/\/www.feriendorf-wallenburg.at\/nl\/wp-json\/wp\/v2\/pages\/2273\/revisions\/2906"}],"wp:featuredmedia":[{"embeddable":true,"href":"https:\/\/www.feriendorf-wallenburg.at\/nl\/wp-json\/wp\/v2\/media\/1625"}],"wp:attachment":[{"href":"https:\/\/www.feriendorf-wallenburg.at\/nl\/wp-json\/wp\/v2\/media?parent=2273"}],"curies":[{"name":"wp","href":"https:\/\/api.w.org\/{rel}","templated":true}]}}