{"id":2423,"date":"2024-08-15T17:10:50","date_gmt":"2024-08-15T15:10:50","guid":{"rendered":"https:\/\/www.feriendorfwallenburg.com\/winterrodelen-in-tirol\/"},"modified":"2025-03-31T12:11:54","modified_gmt":"2025-03-31T10:11:54","slug":"winterrodelen-in-tirol","status":"publish","type":"page","link":"https:\/\/www.feriendorf-wallenburg.at\/nl\/winterrodelen-in-tirol\/","title":{"rendered":"Winterrodelen in Tirol"},"content":{"rendered":"\t\t<div data-elementor-type=\"wp-page\" data-elementor-id=\"2423\" class=\"elementor elementor-2423 elementor-2419\" data-elementor-post-type=\"page\">\n\t\t\t\t<div class=\"elementor-element elementor-element-2999b84 e-flex e-con-boxed e-con e-parent\" data-id=\"2999b84\" data-element_type=\"container\" data-e-type=\"container\" data-settings=\"{&quot;background_background&quot;:&quot;classic&quot;}\">\n\t\t\t\t\t<div class=\"e-con-inner\">\n\t\t\t\t\t<\/div>\n\t\t\t\t<\/div>\n\t\t<div class=\"elementor-element elementor-element-500b2c1 e-flex e-con-boxed e-con e-parent\" data-id=\"500b2c1\" data-element_type=\"container\" data-e-type=\"container\">\n\t\t\t\t\t<div class=\"e-con-inner\">\n\t\t\t\t<div class=\"elementor-element elementor-element-b877b82 elementor-widget elementor-widget-heading\" data-id=\"b877b82\" data-element_type=\"widget\" data-e-type=\"widget\" data-widget_type=\"heading.default\">\n\t\t\t\t\t<h1 class=\"elementor-heading-title elementor-size-default\">Winterrodelen in Tirol<\/h1>\t\t\t\t<\/div>\n\t\t\t\t<div class=\"elementor-element elementor-element-e1622a4 elementor-widget elementor-widget-heading\" data-id=\"e1622a4\" data-element_type=\"widget\" data-e-type=\"widget\" data-widget_type=\"heading.default\">\n\t\t\t\t\t<h2 class=\"elementor-heading-title elementor-size-default\">Actie en plezier voor het hele gezin<\/h2>\t\t\t\t<\/div>\n\t\t\t\t\t<\/div>\n\t\t\t\t<\/div>\n\t\t<div class=\"elementor-element elementor-element-e23db83 e-flex e-con-boxed e-con e-parent\" data-id=\"e23db83\" data-element_type=\"container\" data-e-type=\"container\">\n\t\t\t\t\t<div class=\"e-con-inner\">\n\t\t\t\t<div class=\"elementor-element elementor-element-58add4b elementor-widget elementor-widget-text-editor\" data-id=\"58add4b\" data-element_type=\"widget\" data-e-type=\"widget\" data-widget_type=\"text-editor.default\">\n\t\t\t\t\t\t\t\t\t<p>Winterrodelen is het perfecte plezier voor jong en oud \u2013 een ervaring die in geen enkele wintervakantie mag ontbreken. Onze regio rond Fieberbrunn biedt tal van mogelijkheden om volop van het winterrodelen te genieten. Of je nu met familie, vrienden of alleen gaat \u2013 de rodelbanen in de omgeving beloven veel actie en onvergetelijke winterpret.  <\/p>\n<h4>Rodelbanen voor elk niveau<\/h4>\n<p>Of je nu een ervaren rodeler bent of voor de eerste keer op een slee zit \u2013 de keuze aan rodelbanen laat niets te wensen over. In de regio vind je rustige afdalingen voor beginners en families, maar ook snelle banen voor adrenalinejunkies. Veel van de rodelbanen zijn goed geprepareerd en bieden fantastische uitzichten op het besneeuwde berglandschap van Tirol.  <\/p>\n<h4>Een bijzonder hoogtepunt: nachtrodelen<\/h4>\n<p>Een bijzondere ervaring is het nachtrodelen. Sommige banen in de omgeving zijn verlicht en bieden je de mogelijkheid om ook na zonsondergang van de piste af te suizen. Warm aangekleed en vergezeld van fonkelende lichten, wordt het rodelen onder de sterrenhemel een onvergetelijk winteravontuur.  <\/p>\n<h4>Rodelbaan Direttissima en Timoks Coaster in Fieberbrunn<\/h4>\n<p>In het centrum van Fieberbrunn is er een bijzonder mooie rodelbaan: Direttissima in de wijk Rosenegg, die dagelijks tot 22:00 uur verlicht is en dus ook &#8217;s avonds te gebruiken is. Voor het rodelplezier moet je echter eerst &#8220;de berg op&#8221; \u2013 een wandeling van anderhalf uur of een taxirit, en daarna snel met een gratis slee over de verlichte rodelbaan naar het dal. Een ander hoogtepunt is Timoks Coaster, een spectaculaire Alpen-achtbaan die het hele jaar door in bedrijf is. In de winter kun je zelfs gratis rijden en van het snelle plezier genieten.  <\/p>\n<h4>Andere rodelbanen in de omgeving<\/h4>\n\t\t\t\t\t\t\t\t<\/div>\n\t\t\t\t\t<\/div>\n\t\t\t\t<\/div>\n\t\t<div class=\"elementor-element elementor-element-93793ba e-flex e-con-boxed e-con e-parent\" data-id=\"93793ba\" data-element_type=\"container\" data-e-type=\"container\">\n\t\t\t\t\t<div class=\"e-con-inner\">\n\t\t\t\t<div class=\"elementor-element elementor-element-97ab43e elementor-position-inline-start elementor-view-default elementor-mobile-position-block-start elementor-widget elementor-widget-icon-box\" data-id=\"97ab43e\" data-element_type=\"widget\" data-e-type=\"widget\" data-widget_type=\"icon-box.default\">\n\t\t\t\t\t\t\t<div class=\"elementor-icon-box-wrapper\">\n\n\t\t\t\t\t\t<div class=\"elementor-icon-box-icon\">\n\t\t\t\t<span  class=\"elementor-icon\">\n\t\t\t\t<svg aria-hidden=\"true\" class=\"e-font-icon-svg e-fas-sleigh\" viewBox=\"0 0 640 512\" xmlns=\"http:\/\/www.w3.org\/2000\/svg\"><path d=\"M612.7 350.7l-9.3-7.4c-6.9-5.5-17-4.4-22.5 2.5l-10 12.5c-5.5 6.9-4.4 17 2.5 22.5l9.3 7.4c5.9 4.7 9.2 11.7 9.2 19.2 0 13.6-11 24.6-24.6 24.6H48c-8.8 0-16 7.2-16 16v16c0 8.8 7.2 16 16 16h516c39 0 73.7-29.3 75.9-68.3 1.4-23.8-8.7-46.3-27.2-61zM32 224c0 59.6 40.9 109.2 96 123.5V400h64v-48h192v48h64v-48c53 0 96-43 96-96v-96c17.7 0 32-14.3 32-32s-14.3-32-32-32h-96v64c0 35.3-28.7 64-64 64h-20.7c-65.8 0-125.9-37.2-155.3-96-29.4-58.8-89.6-96-155.3-96H32C14.3 32 0 46.3 0 64s14.3 32 32 32v128z\"><\/path><\/svg>\t\t\t\t<\/span>\n\t\t\t<\/div>\n\t\t\t\n\t\t\t\t\t\t<div class=\"elementor-icon-box-content\">\n\n\t\t\t\t\t\t\t\t\t<h3 class=\"elementor-icon-box-title\">\n\t\t\t\t\t\t<span  >\n\t\t\t\t\t\t\tRodelbaan Hochfilzen\t\t\t\t\t\t<\/span>\n\t\t\t\t\t<\/h3>\n\t\t\t\t\n\t\t\t\t\t\t\t\t\t<p class=\"elementor-icon-box-description\">\n\t\t\t\t\t\tEen gemakkelijke manier om de berg te bedwingen is met de Skidoo, die je desgewenst ophaalt en naar de \u201eHoametzlh\u00fctte\u201c brengt. Je kunt ook een rodelavond combineren met een Hut- of Ripperlmaaltijd. Ook deze rodelbaan is tot laat in de avond romantisch verlicht.  \t\t\t\t\t<\/p>\n\t\t\t\t\n\t\t\t<\/div>\n\t\t\t\n\t\t<\/div>\n\t\t\t\t\t\t<\/div>\n\t\t\t\t<div class=\"elementor-element elementor-element-ee7407c elementor-position-inline-start elementor-view-default elementor-mobile-position-block-start elementor-widget elementor-widget-icon-box\" data-id=\"ee7407c\" data-element_type=\"widget\" data-e-type=\"widget\" data-widget_type=\"icon-box.default\">\n\t\t\t\t\t\t\t<div class=\"elementor-icon-box-wrapper\">\n\n\t\t\t\t\t\t<div class=\"elementor-icon-box-icon\">\n\t\t\t\t<span  class=\"elementor-icon\">\n\t\t\t\t<svg aria-hidden=\"true\" class=\"e-font-icon-svg e-fas-sleigh\" viewBox=\"0 0 640 512\" xmlns=\"http:\/\/www.w3.org\/2000\/svg\"><path d=\"M612.7 350.7l-9.3-7.4c-6.9-5.5-17-4.4-22.5 2.5l-10 12.5c-5.5 6.9-4.4 17 2.5 22.5l9.3 7.4c5.9 4.7 9.2 11.7 9.2 19.2 0 13.6-11 24.6-24.6 24.6H48c-8.8 0-16 7.2-16 16v16c0 8.8 7.2 16 16 16h516c39 0 73.7-29.3 75.9-68.3 1.4-23.8-8.7-46.3-27.2-61zM32 224c0 59.6 40.9 109.2 96 123.5V400h64v-48h192v48h64v-48c53 0 96-43 96-96v-96c17.7 0 32-14.3 32-32s-14.3-32-32-32h-96v64c0 35.3-28.7 64-64 64h-20.7c-65.8 0-125.9-37.2-155.3-96-29.4-58.8-89.6-96-155.3-96H32C14.3 32 0 46.3 0 64s14.3 32 32 32v128z\"><\/path><\/svg>\t\t\t\t<\/span>\n\t\t\t<\/div>\n\t\t\t\n\t\t\t\t\t\t<div class=\"elementor-icon-box-content\">\n\n\t\t\t\t\t\t\t\t\t<h3 class=\"elementor-icon-box-title\">\n\t\t\t\t\t\t<span  >\n\t\t\t\t\t\t\tRodelbaan St. Jakob in Haus\t\t\t\t\t\t<\/span>\n\t\t\t\t\t<\/h3>\n\t\t\t\t\n\t\t\t\t\t\t\t\t\t<p class=\"elementor-icon-box-description\">\n\t\t\t\t\t\tIn St. Jakob in Haus wacht je een 1 km lange rodelbaan, waarbij je de klim begint bij de Kr\u00f6pfl-Liftstadl. De looptijd bedraagt ongeveer 1 uur. \t\t\t\t\t<\/p>\n\t\t\t\t\n\t\t\t<\/div>\n\t\t\t\n\t\t<\/div>\n\t\t\t\t\t\t<\/div>\n\t\t\t\t<div class=\"elementor-element elementor-element-19f84c4 elementor-position-inline-start elementor-view-default elementor-mobile-position-block-start elementor-widget elementor-widget-icon-box\" data-id=\"19f84c4\" data-element_type=\"widget\" data-e-type=\"widget\" data-widget_type=\"icon-box.default\">\n\t\t\t\t\t\t\t<div class=\"elementor-icon-box-wrapper\">\n\n\t\t\t\t\t\t<div class=\"elementor-icon-box-icon\">\n\t\t\t\t<span  class=\"elementor-icon\">\n\t\t\t\t<svg aria-hidden=\"true\" class=\"e-font-icon-svg e-fas-sleigh\" viewBox=\"0 0 640 512\" xmlns=\"http:\/\/www.w3.org\/2000\/svg\"><path d=\"M612.7 350.7l-9.3-7.4c-6.9-5.5-17-4.4-22.5 2.5l-10 12.5c-5.5 6.9-4.4 17 2.5 22.5l9.3 7.4c5.9 4.7 9.2 11.7 9.2 19.2 0 13.6-11 24.6-24.6 24.6H48c-8.8 0-16 7.2-16 16v16c0 8.8 7.2 16 16 16h516c39 0 73.7-29.3 75.9-68.3 1.4-23.8-8.7-46.3-27.2-61zM32 224c0 59.6 40.9 109.2 96 123.5V400h64v-48h192v48h64v-48c53 0 96-43 96-96v-96c17.7 0 32-14.3 32-32s-14.3-32-32-32h-96v64c0 35.3-28.7 64-64 64h-20.7c-65.8 0-125.9-37.2-155.3-96-29.4-58.8-89.6-96-155.3-96H32C14.3 32 0 46.3 0 64s14.3 32 32 32v128z\"><\/path><\/svg>\t\t\t\t<\/span>\n\t\t\t<\/div>\n\t\t\t\n\t\t\t\t\t\t<div class=\"elementor-icon-box-content\">\n\n\t\t\t\t\t\t\t\t\t<h3 class=\"elementor-icon-box-title\">\n\t\t\t\t\t\t<span  >\n\t\t\t\t\t\t\tRodelbaan Waidring\t\t\t\t\t\t<\/span>\n\t\t\t\t\t<\/h3>\n\t\t\t\t\n\t\t\t\t\t\t\t\t\t<p class=\"elementor-icon-box-description\">\n\t\t\t\t\t\tEen 2 km lange route vind je in Waidring\/Oberweissbach. Van dinsdag tot zaterdag vanaf 16:00 uur is er de mogelijkheid om met de rodelshuttle naar Gasthof Oberweissbach te gaan. \t\t\t\t\t<\/p>\n\t\t\t\t\n\t\t\t<\/div>\n\t\t\t\n\t\t<\/div>\n\t\t\t\t\t\t<\/div>\n\t\t\t\t<div class=\"elementor-element elementor-element-b4b3185 elementor-position-inline-start elementor-view-default elementor-mobile-position-block-start elementor-widget elementor-widget-icon-box\" data-id=\"b4b3185\" data-element_type=\"widget\" data-e-type=\"widget\" data-widget_type=\"icon-box.default\">\n\t\t\t\t\t\t\t<div class=\"elementor-icon-box-wrapper\">\n\n\t\t\t\t\t\t<div class=\"elementor-icon-box-icon\">\n\t\t\t\t<span  class=\"elementor-icon\">\n\t\t\t\t<svg aria-hidden=\"true\" class=\"e-font-icon-svg e-fas-sleigh\" viewBox=\"0 0 640 512\" xmlns=\"http:\/\/www.w3.org\/2000\/svg\"><path d=\"M612.7 350.7l-9.3-7.4c-6.9-5.5-17-4.4-22.5 2.5l-10 12.5c-5.5 6.9-4.4 17 2.5 22.5l9.3 7.4c5.9 4.7 9.2 11.7 9.2 19.2 0 13.6-11 24.6-24.6 24.6H48c-8.8 0-16 7.2-16 16v16c0 8.8 7.2 16 16 16h516c39 0 73.7-29.3 75.9-68.3 1.4-23.8-8.7-46.3-27.2-61zM32 224c0 59.6 40.9 109.2 96 123.5V400h64v-48h192v48h64v-48c53 0 96-43 96-96v-96c17.7 0 32-14.3 32-32s-14.3-32-32-32h-96v64c0 35.3-28.7 64-64 64h-20.7c-65.8 0-125.9-37.2-155.3-96-29.4-58.8-89.6-96-155.3-96H32C14.3 32 0 46.3 0 64s14.3 32 32 32v128z\"><\/path><\/svg>\t\t\t\t<\/span>\n\t\t\t<\/div>\n\t\t\t\n\t\t\t\t\t\t<div class=\"elementor-icon-box-content\">\n\n\t\t\t\t\t\t\t\t\t<h3 class=\"elementor-icon-box-title\">\n\t\t\t\t\t\t<span  >\n\t\t\t\t\t\t\tBandenrodelbaan in Waidring\t\t\t\t\t\t<\/span>\n\t\t\t\t\t<\/h3>\n\t\t\t\t\n\t\t\t\t\t\t\t\t\t<p class=\"elementor-icon-box-description\">\n\t\t\t\t\t\tBij Hotel Brandtnerhof in Strub (Waidring) is er een bijzonder hoogtepunt, een speciaal geprepareerde baan waarover je met een bandenrodel naar beneden raast. De rodelbaan is niet erg lang, maar perfect geschikt voor meerdere afdalingen! Ook deze baan is tot 21:00 uur verlicht.  \t\t\t\t\t<\/p>\n\t\t\t\t\n\t\t\t<\/div>\n\t\t\t\n\t\t<\/div>\n\t\t\t\t\t\t<\/div>\n\t\t\t\t\t<\/div>\n\t\t\t\t<\/div>\n\t\t<div class=\"elementor-element elementor-element-e2179da e-flex e-con-boxed e-con e-parent\" data-id=\"e2179da\" data-element_type=\"container\" data-e-type=\"container\">\n\t\t\t\t\t<div class=\"e-con-inner\">\n\t\t\t\t<div class=\"elementor-element elementor-element-22230f6 elementor-widget elementor-widget-text-editor\" data-id=\"22230f6\" data-element_type=\"widget\" data-e-type=\"widget\" data-widget_type=\"text-editor.default\">\n\t\t\t\t\t\t\t\t\t<h4>Tips voor een geslaagde rodeldag<\/h4> Denk eraan om stevige schoenen en warme kleding aan te trekken \u2013 zo ben je goed voorbereid voor de afdaling. Veel rodelbanen bieden ook de mogelijkheid om slee\u00ebn ter plaatse te huren, zodat je je geen zorgen hoeft te maken over de uitrusting. En na een spannende dag op de rodelbaan kun je je opwarmen en ontspannen in je gezellige vakantiewoning in ons Feriendorf Wallenburg. Of je nu rustig door het winterlandschap glijdt of snel de berg afdaalt \u2013 winterrodelen in Tirol is een plezier dat je niet mag missen.   \t\t\t\t\t\t\t\t<\/div>\n\t\t\t\t\t<\/div>\n\t\t\t\t<\/div>\n\t\t<div class=\"elementor-element elementor-element-ffa7c74 e-flex e-con-boxed e-con e-parent\" data-id=\"ffa7c74\" data-element_type=\"container\" data-e-type=\"container\">\n\t\t\t\t\t<div class=\"e-con-inner\">\n\t\t\t\t<div class=\"elementor-element elementor-element-8fd4f29 elementor-widget elementor-widget-image-carousel\" data-id=\"8fd4f29\" data-element_type=\"widget\" data-e-type=\"widget\" data-settings=\"{&quot;slides_to_show&quot;:&quot;3&quot;,&quot;navigation&quot;:&quot;none&quot;,&quot;lazyload&quot;:&quot;yes&quot;,&quot;autoplay&quot;:&quot;yes&quot;,&quot;pause_on_hover&quot;:&quot;yes&quot;,&quot;pause_on_interaction&quot;:&quot;yes&quot;,&quot;autoplay_speed&quot;:5000,&quot;infinite&quot;:&quot;yes&quot;,&quot;speed&quot;:500}\" data-widget_type=\"image-carousel.default\">\n\t\t\t\t\t\t\t<div class=\"elementor-image-carousel-wrapper swiper\" role=\"region\" aria-roledescription=\"carousel\" aria-label=\"Afbeelding carrousel\" dir=\"ltr\">\n\t\t\t<div class=\"elementor-image-carousel swiper-wrapper\" aria-live=\"off\">\n\t\t\t\t\t\t\t\t<div class=\"swiper-slide\" role=\"group\" aria-roledescription=\"slide\" aria-label=\"1 van 3\"><figure class=\"swiper-slide-inner\"><img class=\"swiper-slide-image swiper-lazy\" data-src=\"https:\/\/www.feriendorf-wallenburg.at\/wp-content\/uploads\/2024\/03\/Winterrodelbahn-768x512.jpg\" alt=\"Winterrodelbahn in Tirol\" \/><div class=\"swiper-lazy-preloader\"><\/div><\/figure><\/div><div class=\"swiper-slide\" role=\"group\" aria-roledescription=\"slide\" aria-label=\"2 van 3\"><figure class=\"swiper-slide-inner\"><img class=\"swiper-slide-image swiper-lazy\" data-src=\"https:\/\/www.feriendorf-wallenburg.at\/wp-content\/uploads\/2024\/04\/Rodeln-_-Tobogganing-1-768x490.jpg\" alt=\"Rodeln in Fieberbrunn\" \/><div class=\"swiper-lazy-preloader\"><\/div><\/figure><\/div><div class=\"swiper-slide\" role=\"group\" aria-roledescription=\"slide\" aria-label=\"3 van 3\"><figure class=\"swiper-slide-inner\"><img class=\"swiper-slide-image swiper-lazy\" data-src=\"https:\/\/www.feriendorf-wallenburg.at\/wp-content\/uploads\/2024\/08\/Rodeln-768x512.jpeg\" alt=\"Winterrodeln mit dem Schlitten den Berg hinunter, Familie mit Kindern\" \/><div class=\"swiper-lazy-preloader\"><\/div><\/figure><\/div>\t\t\t<\/div>\n\t\t\t\t\t\t\t\n\t\t\t\t\t\t\t\t\t<\/div>\n\t\t\t\t\t\t<\/div>\n\t\t\t\t\t<\/div>\n\t\t\t\t<\/div>\n\t\t<div class=\"elementor-element elementor-element-d2bb46c e-flex e-con-boxed e-con e-parent\" data-id=\"d2bb46c\" data-element_type=\"container\" data-e-type=\"container\">\n\t\t\t\t\t<div class=\"e-con-inner\">\n\t\t\t\t<div class=\"elementor-element elementor-element-1b67677 elementor-align-center elementor-widget elementor-widget-button\" data-id=\"1b67677\" data-element_type=\"widget\" data-e-type=\"widget\" data-widget_type=\"button.default\">\n\t\t\t\t\t\t\t\t\t\t<a class=\"elementor-button elementor-button-link elementor-size-sm elementor-animation-shrink\" href=\"https:\/\/boeken.feriendorf-wallenburg.at\/\" target=\"_blank\">\n\t\t\t\t\t\t<span class=\"elementor-button-content-wrapper\">\n\t\t\t\t\t\t\t\t\t<span class=\"elementor-button-text\">Nu vakantie boeken<\/span>\n\t\t\t\t\t<\/span>\n\t\t\t\t\t<\/a>\n\t\t\t\t\t\t\t\t<\/div>\n\t\t\t\t\t<\/div>\n\t\t\t\t<\/div>\n\t\t\t\t<\/div>\n\t\t","protected":false},"excerpt":{"rendered":"<p>Winterrodelen in Tirol Actie en plezier voor het hele gezin Winterrodelen is het perfecte plezier voor jong en oud \u2013 [&hellip;]<\/p>\n","protected":false},"author":1,"featured_media":1669,"parent":0,"menu_order":22,"comment_status":"closed","ping_status":"closed","template":"elementor_header_footer","meta":{"_seopress_robots_primary_cat":"0","_seopress_titles_title":"Winterrodeln in Tirol: Spa\u00df und Action","_seopress_titles_desc":"Entdecke die besten Rodelbahnen in Tirol. Genie\u00dfe Spa\u00df und Abenteuer f\u00fcr die ganze Familie beim Winterrodeln in der schneereichen Region.","_seopress_robots_index":"","site-sidebar-layout":"no-sidebar","site-content-layout":"","ast-site-content-layout":"full-width-container","site-content-style":"default","site-sidebar-style":"default","ast-global-header-display":"","ast-banner-title-visibility":"","ast-main-header-display":"","ast-hfb-above-header-display":"","ast-hfb-below-header-display":"","ast-hfb-mobile-header-display":"","site-post-title":"disabled","ast-breadcrumbs-content":"","ast-featured-img":"disabled","footer-sml-layout":"","ast-disable-related-posts":"","theme-transparent-header-meta":"","adv-header-id-meta":"","stick-header-meta":"","header-above-stick-meta":"","header-main-stick-meta":"","header-below-stick-meta":"","astra-migrate-meta-layouts":"default","ast-page-background-enabled":"default","ast-page-background-meta":{"desktop":{"background-color":"var(--ast-global-color-4)","background-image":"","background-repeat":"repeat","background-position":"center center","background-size":"auto","background-attachment":"scroll","background-type":"","background-media":"","overlay-type":"","overlay-color":"","overlay-opacity":"","overlay-gradient":""},"tablet":{"background-color":"","background-image":"","background-repeat":"repeat","background-position":"center center","background-size":"auto","background-attachment":"scroll","background-type":"","background-media":"","overlay-type":"","overlay-color":"","overlay-opacity":"","overlay-gradient":""},"mobile":{"background-color":"","background-image":"","background-repeat":"repeat","background-position":"center center","background-size":"auto","background-attachment":"scroll","background-type":"","background-media":"","overlay-type":"","overlay-color":"","overlay-opacity":"","overlay-gradient":""}},"ast-content-background-meta":{"desktop":{"background-color":"var(--ast-global-color-5)","background-image":"","background-repeat":"repeat","background-position":"center center","background-size":"auto","background-attachment":"scroll","background-type":"","background-media":"","overlay-type":"","overlay-color":"","overlay-opacity":"","overlay-gradient":""},"tablet":{"background-color":"var(--ast-global-color-5)","background-image":"","background-repeat":"repeat","background-position":"center center","background-size":"auto","background-attachment":"scroll","background-type":"","background-media":"","overlay-type":"","overlay-color":"","overlay-opacity":"","overlay-gradient":""},"mobile":{"background-color":"var(--ast-global-color-5)","background-image":"","background-repeat":"repeat","background-position":"center center","background-size":"auto","background-attachment":"scroll","background-type":"","background-media":"","overlay-type":"","overlay-color":"","overlay-opacity":"","overlay-gradient":""}},"footnotes":""},"class_list":["post-2423","page","type-page","status-publish","has-post-thumbnail","hentry"],"_links":{"self":[{"href":"https:\/\/www.feriendorf-wallenburg.at\/nl\/wp-json\/wp\/v2\/pages\/2423","targetHints":{"allow":["GET"]}}],"collection":[{"href":"https:\/\/www.feriendorf-wallenburg.at\/nl\/wp-json\/wp\/v2\/pages"}],"about":[{"href":"https:\/\/www.feriendorf-wallenburg.at\/nl\/wp-json\/wp\/v2\/types\/page"}],"author":[{"embeddable":true,"href":"https:\/\/www.feriendorf-wallenburg.at\/nl\/wp-json\/wp\/v2\/users\/1"}],"replies":[{"embeddable":true,"href":"https:\/\/www.feriendorf-wallenburg.at\/nl\/wp-json\/wp\/v2\/comments?post=2423"}],"version-history":[{"count":4,"href":"https:\/\/www.feriendorf-wallenburg.at\/nl\/wp-json\/wp\/v2\/pages\/2423\/revisions"}],"predecessor-version":[{"id":2914,"href":"https:\/\/www.feriendorf-wallenburg.at\/nl\/wp-json\/wp\/v2\/pages\/2423\/revisions\/2914"}],"wp:featuredmedia":[{"embeddable":true,"href":"https:\/\/www.feriendorf-wallenburg.at\/nl\/wp-json\/wp\/v2\/media\/1669"}],"wp:attachment":[{"href":"https:\/\/www.feriendorf-wallenburg.at\/nl\/wp-json\/wp\/v2\/media?parent=2423"}],"curies":[{"name":"wp","href":"https:\/\/api.w.org\/{rel}","templated":true}]}}